{"id":645,"date":"2026-02-22T18:12:01","date_gmt":"2026-02-22T17:12:01","guid":{"rendered":"https:\/\/thalassadigitalpartners.com\/travailler-avec-des-courtiers-a-monaco-cannes\/"},"modified":"2026-02-28T11:32:51","modified_gmt":"2026-02-28T10:32:51","slug":"monaco-cannes","status":"publish","type":"page","link":"https:\/\/thalassadigitalpartners.com\/fr\/monaco-cannes\/","title":{"rendered":"Solutions Digitales pour Courtiers en Yachts \u2013 Monaco &amp; Cannes"},"content":{"rendered":"\n<div class=\"wp-block-group hero full-width-image darkbg parallax\"><div class=\"wp-block-group__inner-container is-layout-constrained wp-block-group-is-layout-constrained\">\n<figure class=\"wp-block-image size-large\"><img loading=\"lazy\" decoding=\"async\" width=\"2560\" height=\"1440\" src=\"https:\/\/thalassadigitalpartners.com\/wp-content\/uploads\/2026\/02\/port-hercule-monaco-1.jpg\" alt=\"Port Hercules, Monaco\" class=\"wp-image-847\" srcset=\"https:\/\/thalassadigitalpartners.com\/wp-content\/uploads\/2026\/02\/port-hercule-monaco-1.jpg 2560w, https:\/\/thalassadigitalpartners.com\/wp-content\/uploads\/2026\/02\/port-hercule-monaco-1-600x338.jpg 600w, https:\/\/thalassadigitalpartners.com\/wp-content\/uploads\/2026\/02\/port-hercule-monaco-1-768x432.jpg 768w, https:\/\/thalassadigitalpartners.com\/wp-content\/uploads\/2026\/02\/port-hercule-monaco-1-1536x864.jpg 1536w, https:\/\/thalassadigitalpartners.com\/wp-content\/uploads\/2026\/02\/port-hercule-monaco-1-2048x1152.jpg 2048w\" sizes=\"auto, (max-width: 2560px) 100vw, 2560px\" \/><\/figure>\n\n\n\n<div class=\"wp-block-group texts\"><div class=\"wp-block-group__inner-container is-layout-constrained wp-block-group-is-layout-constrained\">\n<h1 class=\"wp-block-heading fadein\">Solutions Digitales pour Courtiers en Yachts \u2013 Monaco &amp; Cannes<\/h1>\n\n\n\n<p class=\"fadein\">Sites web, r\u00e9f\u00e9rencement et applications sur mesure<\/p>\n<\/div><\/div>\n\n\n\n<p class=\"cta\"><a href=\"contactez-nous\" id=\"44\">Demander un rendez-vous sur site<\/a><\/p>\n<\/div><\/div>\n\n\n\n<p class=\"intro\">Thalassa Digital Partners collabore \u00e9troitement avec les courtiers en yachts de Monaco, Antibes, Cannes et de toute la Riviera, en offrant des solutions digitales sur-mesure pour vos flottes et vos annonces. Nous comprenons les exigences de <strong>la saison yachting m\u00e9diterran\u00e9enne<\/strong>, l\u2019importance de la discr\u00e9tion et la n\u00e9cessit\u00e9 d\u2019une continuit\u00e9 op\u00e9rationnelle fiable. <\/p>\n\n\n\n<p>Notre \u00e9quipe senior est disponible pour vous <strong>rencontrer sur site<\/strong> sur rendez-vous, assurant un accompagnement direct et personnalis\u00e9, sans jamais recourir \u00e0 des interm\u00e9diaires juniors. Des mises \u00e0 jour saisonni\u00e8res aux ajustements techniques, nous garantissons que vos syst\u00e8mes num\u00e9riques restent stables, r\u00e9actifs et performants tout au long de l\u2019ann\u00e9e.<\/p>\n\n\n\n<p>En combinant <strong>connaissance locale de la Riviera<\/strong> et expertise digitale senior, nous offrons aux courtiers la tranquillit\u00e9 d\u2019esprit : votre pr\u00e9sence en ligne refl\u00e8te fid\u00e8lement le professionnalisme et la qualit\u00e9 de vos op\u00e9rations.<\/p>\n\n\n\n<p><a href=\"https:\/\/thalassadigitalpartners.com\/fr\/contactez-nous\/\" type=\"page\" id=\"44\">Demander un rendez-vous sur site<\/a><\/p>\n","protected":false},"excerpt":{"rendered":"<p>Notre \u00e9quipe senior est disponible pour vous rencontrer sur site sur rendez-vous, assurant un accompagnement direct et personnalis\u00e9, sans jamais recourir \u00e0 des interm\u00e9diaires juniors. Des mises \u00e0 jour saisonni\u00e8res aux ajustements techniques, nous garantissons que vos syst\u00e8mes num\u00e9riques restent stables, r\u00e9actifs et performants tout au long de l\u2019ann\u00e9e. En combinant connaissance locale de la [&hellip;]<\/p>\n","protected":false},"author":1,"featured_media":0,"parent":0,"menu_order":0,"comment_status":"closed","ping_status":"closed","template":"","meta":{"footnotes":""},"class_list":["post-645","page","type-page","status-publish","hentry"],"yoast_head":"<!-- This site is optimized with the Yoast SEO plugin v27.3 - https:\/\/yoast.com\/product\/yoast-seo-wordpress\/ -->\n<title>Solutions Digitales pour Courtiers en Yachts \u2013 Monaco &amp; Cannes<\/title>\n<meta name=\"description\" content=\"Solutions digitales sur-mesure pour les courtiers en yachts \u00e0 Monaco et Cannes. Rendez-vous sur site, expertise locale et continuit\u00e9 op\u00e9rationnelle assur\u00e9e.\" \/>\n<meta name=\"robots\" content=\"index, follow, max-snippet:-1, max-image-preview:large, max-video-preview:-1\" \/>\n<link rel=\"canonical\" href=\"https:\/\/thalassadigitalpartners.com\/fr\/monaco-cannes\/\" \/>\n<meta property=\"og:locale\" content=\"fr_FR\" \/>\n<meta property=\"og:type\" content=\"article\" \/>\n<meta property=\"og:title\" content=\"Solutions Digitales pour Courtiers en Yachts \u2013 Monaco &amp; Cannes\" \/>\n<meta property=\"og:description\" content=\"Solutions digitales sur-mesure pour les courtiers en yachts \u00e0 Monaco et Cannes. Rendez-vous sur site, expertise locale et continuit\u00e9 op\u00e9rationnelle assur\u00e9e.\" \/>\n<meta property=\"og:url\" content=\"https:\/\/thalassadigitalpartners.com\/fr\/monaco-cannes\/\" \/>\n<meta property=\"og:site_name\" content=\"Thalassa Digital Partners\" \/>\n<meta property=\"article:modified_time\" content=\"2026-02-28T10:32:51+00:00\" \/>\n<meta name=\"twitter:card\" content=\"summary_large_image\" \/>\n<meta name=\"twitter:label1\" content=\"Dur\u00e9e de lecture estim\u00e9e\" \/>\n\t<meta name=\"twitter:data1\" content=\"1 minute\" \/>\n<script type=\"application\/ld+json\" class=\"yoast-schema-graph\">{\"@context\":\"https:\\\/\\\/schema.org\",\"@graph\":[{\"@type\":\"WebPage\",\"@id\":\"https:\\\/\\\/thalassadigitalpartners.com\\\/fr\\\/monaco-cannes\\\/\",\"url\":\"https:\\\/\\\/thalassadigitalpartners.com\\\/fr\\\/monaco-cannes\\\/\",\"name\":\"Solutions Digitales pour Courtiers en Yachts \u2013 Monaco & Cannes\",\"isPartOf\":{\"@id\":\"https:\\\/\\\/thalassadigitalpartners.com\\\/fr\\\/#website\"},\"datePublished\":\"2026-02-22T17:12:01+00:00\",\"dateModified\":\"2026-02-28T10:32:51+00:00\",\"description\":\"Solutions digitales sur-mesure pour les courtiers en yachts \u00e0 Monaco et Cannes. Rendez-vous sur site, expertise locale et continuit\u00e9 op\u00e9rationnelle assur\u00e9e.\",\"breadcrumb\":{\"@id\":\"https:\\\/\\\/thalassadigitalpartners.com\\\/fr\\\/monaco-cannes\\\/#breadcrumb\"},\"inLanguage\":\"fr-FR\",\"potentialAction\":[{\"@type\":\"ReadAction\",\"target\":[\"https:\\\/\\\/thalassadigitalpartners.com\\\/fr\\\/monaco-cannes\\\/\"]}]},{\"@type\":\"BreadcrumbList\",\"@id\":\"https:\\\/\\\/thalassadigitalpartners.com\\\/fr\\\/monaco-cannes\\\/#breadcrumb\",\"itemListElement\":[{\"@type\":\"ListItem\",\"position\":1,\"name\":\"Home\",\"item\":\"https:\\\/\\\/thalassadigitalpartners.com\\\/fr\\\/\"},{\"@type\":\"ListItem\",\"position\":2,\"name\":\"Solutions Digitales pour Courtiers en Yachts \u2013 Monaco &amp; Cannes\"}]},{\"@type\":\"WebSite\",\"@id\":\"https:\\\/\\\/thalassadigitalpartners.com\\\/fr\\\/#website\",\"url\":\"https:\\\/\\\/thalassadigitalpartners.com\\\/fr\\\/\",\"name\":\"Thalassa Digital Partners\",\"description\":\"\",\"publisher\":{\"@id\":\"https:\\\/\\\/thalassadigitalpartners.com\\\/fr\\\/#organization\"},\"potentialAction\":[{\"@type\":\"SearchAction\",\"target\":{\"@type\":\"EntryPoint\",\"urlTemplate\":\"https:\\\/\\\/thalassadigitalpartners.com\\\/fr\\\/?s={search_term_string}\"},\"query-input\":{\"@type\":\"PropertyValueSpecification\",\"valueRequired\":true,\"valueName\":\"search_term_string\"}}],\"inLanguage\":\"fr-FR\"},{\"@type\":\"Organization\",\"@id\":\"https:\\\/\\\/thalassadigitalpartners.com\\\/fr\\\/#organization\",\"name\":\"Thalassa Digital Partners\",\"url\":\"https:\\\/\\\/thalassadigitalpartners.com\\\/fr\\\/\",\"logo\":{\"@type\":\"ImageObject\",\"inLanguage\":\"fr-FR\",\"@id\":\"https:\\\/\\\/thalassadigitalpartners.com\\\/fr\\\/#\\\/schema\\\/logo\\\/image\\\/\",\"url\":\"https:\\\/\\\/thalassadigitalpartners.com\\\/wp-content\\\/uploads\\\/2026\\\/02\\\/thalassa-digital-partners-logo-black.png\",\"contentUrl\":\"https:\\\/\\\/thalassadigitalpartners.com\\\/wp-content\\\/uploads\\\/2026\\\/02\\\/thalassa-digital-partners-logo-black.png\",\"width\":1200,\"height\":279,\"caption\":\"Thalassa Digital Partners\"},\"image\":{\"@id\":\"https:\\\/\\\/thalassadigitalpartners.com\\\/fr\\\/#\\\/schema\\\/logo\\\/image\\\/\"},\"sameAs\":[\"https:\\\/\\\/www.linkedin.com\\\/company\\\/thalassa-digital-partners\"]}]}<\/script>\n<!-- \/ Yoast SEO plugin. -->","yoast_head_json":{"title":"Solutions Digitales pour Courtiers en Yachts \u2013 Monaco & Cannes","description":"Solutions digitales sur-mesure pour les courtiers en yachts \u00e0 Monaco et Cannes. Rendez-vous sur site, expertise locale et continuit\u00e9 op\u00e9rationnelle assur\u00e9e.","robots":{"index":"index","follow":"follow","max-snippet":"max-snippet:-1","max-image-preview":"max-image-preview:large","max-video-preview":"max-video-preview:-1"},"canonical":"https:\/\/thalassadigitalpartners.com\/fr\/monaco-cannes\/","og_locale":"fr_FR","og_type":"article","og_title":"Solutions Digitales pour Courtiers en Yachts \u2013 Monaco & Cannes","og_description":"Solutions digitales sur-mesure pour les courtiers en yachts \u00e0 Monaco et Cannes. Rendez-vous sur site, expertise locale et continuit\u00e9 op\u00e9rationnelle assur\u00e9e.","og_url":"https:\/\/thalassadigitalpartners.com\/fr\/monaco-cannes\/","og_site_name":"Thalassa Digital Partners","article_modified_time":"2026-02-28T10:32:51+00:00","twitter_card":"summary_large_image","twitter_misc":{"Dur\u00e9e de lecture estim\u00e9e":"1 minute"},"schema":{"@context":"https:\/\/schema.org","@graph":[{"@type":"WebPage","@id":"https:\/\/thalassadigitalpartners.com\/fr\/monaco-cannes\/","url":"https:\/\/thalassadigitalpartners.com\/fr\/monaco-cannes\/","name":"Solutions Digitales pour Courtiers en Yachts \u2013 Monaco & Cannes","isPartOf":{"@id":"https:\/\/thalassadigitalpartners.com\/fr\/#website"},"datePublished":"2026-02-22T17:12:01+00:00","dateModified":"2026-02-28T10:32:51+00:00","description":"Solutions digitales sur-mesure pour les courtiers en yachts \u00e0 Monaco et Cannes. Rendez-vous sur site, expertise locale et continuit\u00e9 op\u00e9rationnelle assur\u00e9e.","breadcrumb":{"@id":"https:\/\/thalassadigitalpartners.com\/fr\/monaco-cannes\/#breadcrumb"},"inLanguage":"fr-FR","potentialAction":[{"@type":"ReadAction","target":["https:\/\/thalassadigitalpartners.com\/fr\/monaco-cannes\/"]}]},{"@type":"BreadcrumbList","@id":"https:\/\/thalassadigitalpartners.com\/fr\/monaco-cannes\/#breadcrumb","itemListElement":[{"@type":"ListItem","position":1,"name":"Home","item":"https:\/\/thalassadigitalpartners.com\/fr\/"},{"@type":"ListItem","position":2,"name":"Solutions Digitales pour Courtiers en Yachts \u2013 Monaco &amp; Cannes"}]},{"@type":"WebSite","@id":"https:\/\/thalassadigitalpartners.com\/fr\/#website","url":"https:\/\/thalassadigitalpartners.com\/fr\/","name":"Thalassa Digital Partners","description":"","publisher":{"@id":"https:\/\/thalassadigitalpartners.com\/fr\/#organization"},"potentialAction":[{"@type":"SearchAction","target":{"@type":"EntryPoint","urlTemplate":"https:\/\/thalassadigitalpartners.com\/fr\/?s={search_term_string}"},"query-input":{"@type":"PropertyValueSpecification","valueRequired":true,"valueName":"search_term_string"}}],"inLanguage":"fr-FR"},{"@type":"Organization","@id":"https:\/\/thalassadigitalpartners.com\/fr\/#organization","name":"Thalassa Digital Partners","url":"https:\/\/thalassadigitalpartners.com\/fr\/","logo":{"@type":"ImageObject","inLanguage":"fr-FR","@id":"https:\/\/thalassadigitalpartners.com\/fr\/#\/schema\/logo\/image\/","url":"https:\/\/thalassadigitalpartners.com\/wp-content\/uploads\/2026\/02\/thalassa-digital-partners-logo-black.png","contentUrl":"https:\/\/thalassadigitalpartners.com\/wp-content\/uploads\/2026\/02\/thalassa-digital-partners-logo-black.png","width":1200,"height":279,"caption":"Thalassa Digital Partners"},"image":{"@id":"https:\/\/thalassadigitalpartners.com\/fr\/#\/schema\/logo\/image\/"},"sameAs":["https:\/\/www.linkedin.com\/company\/thalassa-digital-partners"]}]}},"_links":{"self":[{"href":"https:\/\/thalassadigitalpartners.com\/fr\/wp-json\/wp\/v2\/pages\/645","targetHints":{"allow":["GET"]}}],"collection":[{"href":"https:\/\/thalassadigitalpartners.com\/fr\/wp-json\/wp\/v2\/pages"}],"about":[{"href":"https:\/\/thalassadigitalpartners.com\/fr\/wp-json\/wp\/v2\/types\/page"}],"author":[{"embeddable":true,"href":"https:\/\/thalassadigitalpartners.com\/fr\/wp-json\/wp\/v2\/users\/1"}],"replies":[{"embeddable":true,"href":"https:\/\/thalassadigitalpartners.com\/fr\/wp-json\/wp\/v2\/comments?post=645"}],"version-history":[{"count":0,"href":"https:\/\/thalassadigitalpartners.com\/fr\/wp-json\/wp\/v2\/pages\/645\/revisions"}],"wp:attachment":[{"href":"https:\/\/thalassadigitalpartners.com\/fr\/wp-json\/wp\/v2\/media?parent=645"}],"curies":[{"name":"wp","href":"https:\/\/api.w.org\/{rel}","templated":true}]}}