{"id":610,"date":"2026-02-11T20:53:22","date_gmt":"2026-02-11T19:53:22","guid":{"rendered":"https:\/\/thalassadigitalpartners.com\/contactez-nous\/"},"modified":"2026-02-28T11:51:28","modified_gmt":"2026-02-28T10:51:28","slug":"contactez-nous","status":"publish","type":"page","link":"https:\/\/thalassadigitalpartners.com\/fr\/contactez-nous\/","title":{"rendered":"Contactez-nous"},"content":{"rendered":"\n<div class=\"wp-block-group hero full-width-image darkbg parallax\"><div class=\"wp-block-group__inner-container is-layout-constrained wp-block-group-is-layout-constrained\">\n<figure class=\"wp-block-image size-large\"><img loading=\"lazy\" decoding=\"async\" width=\"2560\" height=\"1440\" src=\"https:\/\/thalassadigitalpartners.com\/wp-content\/uploads\/2026\/02\/evening-port-of-nice-1.jpg\" alt=\"Evening, port of Nice, France\" class=\"wp-image-861\" srcset=\"https:\/\/thalassadigitalpartners.com\/wp-content\/uploads\/2026\/02\/evening-port-of-nice-1.jpg 2560w, https:\/\/thalassadigitalpartners.com\/wp-content\/uploads\/2026\/02\/evening-port-of-nice-1-600x338.jpg 600w, https:\/\/thalassadigitalpartners.com\/wp-content\/uploads\/2026\/02\/evening-port-of-nice-1-768x432.jpg 768w, https:\/\/thalassadigitalpartners.com\/wp-content\/uploads\/2026\/02\/evening-port-of-nice-1-1536x864.jpg 1536w, https:\/\/thalassadigitalpartners.com\/wp-content\/uploads\/2026\/02\/evening-port-of-nice-1-2048x1152.jpg 2048w\" sizes=\"auto, (max-width: 2560px) 100vw, 2560px\" \/><\/figure>\n\n\n\n<div class=\"wp-block-group texts\"><div class=\"wp-block-group__inner-container is-layout-constrained wp-block-group-is-layout-constrained\">\n<h1 class=\"wp-block-heading fadein\">Entrons en contact<\/h1>\n\n\n\n<p class=\"fadein\">Notre \u00e9quipe senior reste \u00e0 votre disposition pour des solutions digitales personnalis\u00e9es et un suivi continu.<\/p>\n<\/div><\/div>\n\n\n\n<p class=\"cta\"><\/p>\n<\/div><\/div>\n\n\n\n<p class=\"intro\">Si vous souhaitez discuter d\u2019un projet, d\u2019un support continu ou d\u2019une collaboration potentielle, nous serions ravis de recevoir votre demande. La discr\u00e9tion et la confidentialit\u00e9 sont respect\u00e9es \u00e0 tout moment.<\/p>\n\n\n\n<p>Nous sommes disponibles pour des consultations \u00e0 distance et sur rendez-vous le long de la Riviera, de Sanremo \u00e0 Monaco, Antibes et Cannes.<\/p>\n\n\n\n<p>Appelez-nous au +39 38 99 55 7369, ou utilisez le formulaire ci-dessous. Nous r\u00e9pondons \u00e0 toutes les nouvelles demandes dans un d\u00e9lai d\u2019un jour ouvr\u00e9.<\/p>\n\n\n\n<form id=\"contact\" autocomplete=\"off\" data-validate=\"\" action=\"https:\/\/thalassadigitalpartners.com\/request\/contact\/save_mail.php\" method=\"POST\">\n<fieldset>\n<div class=\"g-grid\">\n<div class=\"g-block size-100 myemail\">\n  <input id=\"myemail\" class=\"form-control\" name=\"myemail\" type=\"email\" placeholder=\"email\">\n<\/div>\n<div class=\"g-block size-100 myemail\">\n  <input id=\"subject\" class=\"form-control\" name=\"subject\" type=\"text\" placeholder=\"sujet\">\n<\/div>\n<div class=\"g-block size-100 myemail\">\n  <input id=\"language\" class=\"form-control\" name=\"language\" type=\"text\" placeholder=\"Language\" value=\"fr\">\n<\/div>\n  \n<div class=\"g-block size-49\">\n  <input id=\"name\" class=\"form-control\" name=\"name\" type=\"text\" data-validate=\"required\"><span class=\"floating-label\">Nom<\/span>\n<small class=\"invalid-feedback\" role=\"alert\" aria-hidden=\"true\" data-validation-message=\"required\">Veuillez indiquer votre nom<\/small>\n<\/div>\n\n<div class=\"g-block size-49\">\n  <input id=\"company\" class=\"form-control\" name=\"company\" type=\"text\" data-validate=\"required\"><span class=\"floating-label\">Nom de l\u2019entreprise<\/span>\n<small class=\"invalid-feedback\" role=\"alert\" aria-hidden=\"true\" data-validation-message=\"required\">Veuillez indiquer le nom de votre entreprise<\/small>\n<\/div>\n\n<div class=\"g-block size-49\">\n  <input id=\"email\" class=\"form-control\" name=\"email\" type=\"email\" data-validate=\"validEmail\">\n  <span class=\"floating-label\">E-mail<\/span> <small class=\"invalid-feedback\" role=\"alert\" aria-hidden=\"true\" data-validation-message=\"validEmail\">Veuillez saisir une adresse e-mail valide<\/small>\n<\/div>\n  \n<div class=\"g-block size-49\">\n  <input id=\"tel\" class=\"form-control\" name=\"tel\" type=\"text\" data-validate=\"validTel\">\n  <span class=\"floating-label\">T\u00e9l\u00e9phone (facultatif)<\/span><small class=\"invalid-feedback\" role=\"alert\" aria-hidden=\"true\" data-validation-message=\"validTel\">Veuillez saisir un num\u00e9ro valide<\/small>\n<\/div>\n\n<p class=\"small nomargintop mb-1\">Veuillez inclure des d\u00e9tails tels que la taille de la flotte, le march\u00e9 principal et la nature de la demande.<\/p>\n<div class=\"g-block size-100\">\n  <textarea id=\"message\" class=\"form-control\" name=\"message\" data-validate=\"required\"><\/textarea>\n  <span class=\"floating-label\">Votre message\u2026<\/span>\n  <small class=\"invalid-feedback\" role=\"alert\" aria-hidden=\"true\" data-validation-message=\"required\">Veuillez laisser un message<\/small>\n<\/div>\n\n<div class=\"g-block size-100 jSlider\">\n  <label class=\"form-check-label\" for=\"privacy\">\n    <input id=\"privacy\" class=\"form-control\" name=\"privacy\" type=\"checkbox\" value=\"1\" data-validate=\"mustCheck\"><span class=\"slider\"> <\/span> J\u2019ai lu et j\u2019accepte la <small class=\"invalid-feedback\" role=\"alert\" aria-hidden=\"true\" data-validation-message=\"mustCheck\"><a href=\"https:\/\/thalassadigitalpartners.com\/privacy-policy\/\" target=\"_blank\" rel=\"noopener noreferrer\">politique de confidentialit\u00e9.<\/a><\/small>\nVeuillez confirmer que vous avez lu et accept\u00e9 la politique de confidentialit\u00e9 avant de continuer.\n  <\/label>\n<\/div>\n  \n<div class=\"g-block size-100\">\n  <button id=\"submitContact\" type=\"submit\" value=\"Envoyer la demande\" class=\"cta1 size-100 nomargintop\"> Envoyer la demande<\/button>\n<\/div>\n<\/div>\n<\/fieldset>\n<\/form>\n\n\n\n<p><\/p>\n","protected":false},"excerpt":{"rendered":"<p>Nous sommes disponibles pour des consultations \u00e0 distance et sur rendez-vous le long de la Riviera, de Sanremo \u00e0 Monaco, Antibes et Cannes. Appelez-nous au +39 38 99 55 7369, ou utilisez le formulaire ci-dessous. Nous r\u00e9pondons \u00e0 toutes les nouvelles demandes dans un d\u00e9lai d\u2019un jour ouvr\u00e9. Nom Veuillez indiquer votre nom Nom de [&hellip;]<\/p>\n","protected":false},"author":1,"featured_media":0,"parent":0,"menu_order":0,"comment_status":"closed","ping_status":"closed","template":"","meta":{"footnotes":""},"class_list":["post-610","page","type-page","status-publish","hentry"],"yoast_head":"<!-- This site is optimized with the Yoast SEO plugin v27.3 - https:\/\/yoast.com\/product\/yoast-seo-wordpress\/ -->\n<title>Contacter Thalassa Digital Partners | Yacht Digital Studio<\/title>\n<meta name=\"description\" content=\"Contactez Thalassa Digital Partners pour discuter de la conception de sites web de yachts, du SEO ou d\u2019un support num\u00e9rique structur\u00e9. Disponible sur toute la Riviera et \u00e0 l\u2019international\" \/>\n<meta name=\"robots\" content=\"index, follow, max-snippet:-1, max-image-preview:large, max-video-preview:-1\" \/>\n<link rel=\"canonical\" href=\"https:\/\/thalassadigitalpartners.com\/fr\/contactez-nous\/\" \/>\n<meta property=\"og:locale\" content=\"fr_FR\" \/>\n<meta property=\"og:type\" content=\"article\" \/>\n<meta property=\"og:title\" content=\"Contacter Thalassa Digital Partners | Yacht Digital Studio\" \/>\n<meta property=\"og:description\" content=\"Contactez Thalassa Digital Partners pour discuter de la conception de sites web de yachts, du SEO ou d\u2019un support num\u00e9rique structur\u00e9. Disponible sur toute la Riviera et \u00e0 l\u2019international\" \/>\n<meta property=\"og:url\" content=\"https:\/\/thalassadigitalpartners.com\/fr\/contactez-nous\/\" \/>\n<meta property=\"og:site_name\" content=\"Thalassa Digital Partners\" \/>\n<meta property=\"article:modified_time\" content=\"2026-02-28T10:51:28+00:00\" \/>\n<meta name=\"twitter:card\" content=\"summary_large_image\" \/>\n<meta name=\"twitter:label1\" content=\"Dur\u00e9e de lecture estim\u00e9e\" \/>\n\t<meta name=\"twitter:data1\" content=\"1 minute\" \/>\n<script type=\"application\/ld+json\" class=\"yoast-schema-graph\">{\"@context\":\"https:\\\/\\\/schema.org\",\"@graph\":[{\"@type\":\"WebPage\",\"@id\":\"https:\\\/\\\/thalassadigitalpartners.com\\\/fr\\\/contactez-nous\\\/\",\"url\":\"https:\\\/\\\/thalassadigitalpartners.com\\\/fr\\\/contactez-nous\\\/\",\"name\":\"Contacter Thalassa Digital Partners | Yacht Digital Studio\",\"isPartOf\":{\"@id\":\"https:\\\/\\\/thalassadigitalpartners.com\\\/fr\\\/#website\"},\"datePublished\":\"2026-02-11T19:53:22+00:00\",\"dateModified\":\"2026-02-28T10:51:28+00:00\",\"description\":\"Contactez Thalassa Digital Partners pour discuter de la conception de sites web de yachts, du SEO ou d\u2019un support num\u00e9rique structur\u00e9. Disponible sur toute la Riviera et \u00e0 l\u2019international\",\"breadcrumb\":{\"@id\":\"https:\\\/\\\/thalassadigitalpartners.com\\\/fr\\\/contactez-nous\\\/#breadcrumb\"},\"inLanguage\":\"fr-FR\",\"potentialAction\":[{\"@type\":\"ReadAction\",\"target\":[\"https:\\\/\\\/thalassadigitalpartners.com\\\/fr\\\/contactez-nous\\\/\"]}]},{\"@type\":\"BreadcrumbList\",\"@id\":\"https:\\\/\\\/thalassadigitalpartners.com\\\/fr\\\/contactez-nous\\\/#breadcrumb\",\"itemListElement\":[{\"@type\":\"ListItem\",\"position\":1,\"name\":\"Home\",\"item\":\"https:\\\/\\\/thalassadigitalpartners.com\\\/fr\\\/\"},{\"@type\":\"ListItem\",\"position\":2,\"name\":\"Contactez-nous\"}]},{\"@type\":\"WebSite\",\"@id\":\"https:\\\/\\\/thalassadigitalpartners.com\\\/fr\\\/#website\",\"url\":\"https:\\\/\\\/thalassadigitalpartners.com\\\/fr\\\/\",\"name\":\"Thalassa Digital Partners\",\"description\":\"\",\"publisher\":{\"@id\":\"https:\\\/\\\/thalassadigitalpartners.com\\\/fr\\\/#organization\"},\"potentialAction\":[{\"@type\":\"SearchAction\",\"target\":{\"@type\":\"EntryPoint\",\"urlTemplate\":\"https:\\\/\\\/thalassadigitalpartners.com\\\/fr\\\/?s={search_term_string}\"},\"query-input\":{\"@type\":\"PropertyValueSpecification\",\"valueRequired\":true,\"valueName\":\"search_term_string\"}}],\"inLanguage\":\"fr-FR\"},{\"@type\":\"Organization\",\"@id\":\"https:\\\/\\\/thalassadigitalpartners.com\\\/fr\\\/#organization\",\"name\":\"Thalassa Digital Partners\",\"url\":\"https:\\\/\\\/thalassadigitalpartners.com\\\/fr\\\/\",\"logo\":{\"@type\":\"ImageObject\",\"inLanguage\":\"fr-FR\",\"@id\":\"https:\\\/\\\/thalassadigitalpartners.com\\\/fr\\\/#\\\/schema\\\/logo\\\/image\\\/\",\"url\":\"https:\\\/\\\/thalassadigitalpartners.com\\\/wp-content\\\/uploads\\\/2026\\\/02\\\/thalassa-digital-partners-logo-black.png\",\"contentUrl\":\"https:\\\/\\\/thalassadigitalpartners.com\\\/wp-content\\\/uploads\\\/2026\\\/02\\\/thalassa-digital-partners-logo-black.png\",\"width\":1200,\"height\":279,\"caption\":\"Thalassa Digital Partners\"},\"image\":{\"@id\":\"https:\\\/\\\/thalassadigitalpartners.com\\\/fr\\\/#\\\/schema\\\/logo\\\/image\\\/\"},\"sameAs\":[\"https:\\\/\\\/www.linkedin.com\\\/company\\\/thalassa-digital-partners\"]}]}<\/script>\n<!-- \/ Yoast SEO plugin. -->","yoast_head_json":{"title":"Contacter Thalassa Digital Partners | Yacht Digital Studio","description":"Contactez Thalassa Digital Partners pour discuter de la conception de sites web de yachts, du SEO ou d\u2019un support num\u00e9rique structur\u00e9. Disponible sur toute la Riviera et \u00e0 l\u2019international","robots":{"index":"index","follow":"follow","max-snippet":"max-snippet:-1","max-image-preview":"max-image-preview:large","max-video-preview":"max-video-preview:-1"},"canonical":"https:\/\/thalassadigitalpartners.com\/fr\/contactez-nous\/","og_locale":"fr_FR","og_type":"article","og_title":"Contacter Thalassa Digital Partners | Yacht Digital Studio","og_description":"Contactez Thalassa Digital Partners pour discuter de la conception de sites web de yachts, du SEO ou d\u2019un support num\u00e9rique structur\u00e9. Disponible sur toute la Riviera et \u00e0 l\u2019international","og_url":"https:\/\/thalassadigitalpartners.com\/fr\/contactez-nous\/","og_site_name":"Thalassa Digital Partners","article_modified_time":"2026-02-28T10:51:28+00:00","twitter_card":"summary_large_image","twitter_misc":{"Dur\u00e9e de lecture estim\u00e9e":"1 minute"},"schema":{"@context":"https:\/\/schema.org","@graph":[{"@type":"WebPage","@id":"https:\/\/thalassadigitalpartners.com\/fr\/contactez-nous\/","url":"https:\/\/thalassadigitalpartners.com\/fr\/contactez-nous\/","name":"Contacter Thalassa Digital Partners | Yacht Digital Studio","isPartOf":{"@id":"https:\/\/thalassadigitalpartners.com\/fr\/#website"},"datePublished":"2026-02-11T19:53:22+00:00","dateModified":"2026-02-28T10:51:28+00:00","description":"Contactez Thalassa Digital Partners pour discuter de la conception de sites web de yachts, du SEO ou d\u2019un support num\u00e9rique structur\u00e9. Disponible sur toute la Riviera et \u00e0 l\u2019international","breadcrumb":{"@id":"https:\/\/thalassadigitalpartners.com\/fr\/contactez-nous\/#breadcrumb"},"inLanguage":"fr-FR","potentialAction":[{"@type":"ReadAction","target":["https:\/\/thalassadigitalpartners.com\/fr\/contactez-nous\/"]}]},{"@type":"BreadcrumbList","@id":"https:\/\/thalassadigitalpartners.com\/fr\/contactez-nous\/#breadcrumb","itemListElement":[{"@type":"ListItem","position":1,"name":"Home","item":"https:\/\/thalassadigitalpartners.com\/fr\/"},{"@type":"ListItem","position":2,"name":"Contactez-nous"}]},{"@type":"WebSite","@id":"https:\/\/thalassadigitalpartners.com\/fr\/#website","url":"https:\/\/thalassadigitalpartners.com\/fr\/","name":"Thalassa Digital Partners","description":"","publisher":{"@id":"https:\/\/thalassadigitalpartners.com\/fr\/#organization"},"potentialAction":[{"@type":"SearchAction","target":{"@type":"EntryPoint","urlTemplate":"https:\/\/thalassadigitalpartners.com\/fr\/?s={search_term_string}"},"query-input":{"@type":"PropertyValueSpecification","valueRequired":true,"valueName":"search_term_string"}}],"inLanguage":"fr-FR"},{"@type":"Organization","@id":"https:\/\/thalassadigitalpartners.com\/fr\/#organization","name":"Thalassa Digital Partners","url":"https:\/\/thalassadigitalpartners.com\/fr\/","logo":{"@type":"ImageObject","inLanguage":"fr-FR","@id":"https:\/\/thalassadigitalpartners.com\/fr\/#\/schema\/logo\/image\/","url":"https:\/\/thalassadigitalpartners.com\/wp-content\/uploads\/2026\/02\/thalassa-digital-partners-logo-black.png","contentUrl":"https:\/\/thalassadigitalpartners.com\/wp-content\/uploads\/2026\/02\/thalassa-digital-partners-logo-black.png","width":1200,"height":279,"caption":"Thalassa Digital Partners"},"image":{"@id":"https:\/\/thalassadigitalpartners.com\/fr\/#\/schema\/logo\/image\/"},"sameAs":["https:\/\/www.linkedin.com\/company\/thalassa-digital-partners"]}]}},"_links":{"self":[{"href":"https:\/\/thalassadigitalpartners.com\/fr\/wp-json\/wp\/v2\/pages\/610","targetHints":{"allow":["GET"]}}],"collection":[{"href":"https:\/\/thalassadigitalpartners.com\/fr\/wp-json\/wp\/v2\/pages"}],"about":[{"href":"https:\/\/thalassadigitalpartners.com\/fr\/wp-json\/wp\/v2\/types\/page"}],"author":[{"embeddable":true,"href":"https:\/\/thalassadigitalpartners.com\/fr\/wp-json\/wp\/v2\/users\/1"}],"replies":[{"embeddable":true,"href":"https:\/\/thalassadigitalpartners.com\/fr\/wp-json\/wp\/v2\/comments?post=610"}],"version-history":[{"count":0,"href":"https:\/\/thalassadigitalpartners.com\/fr\/wp-json\/wp\/v2\/pages\/610\/revisions"}],"wp:attachment":[{"href":"https:\/\/thalassadigitalpartners.com\/fr\/wp-json\/wp\/v2\/media?parent=610"}],"curies":[{"name":"wp","href":"https:\/\/api.w.org\/{rel}","templated":true}]}}