{"id":604,"date":"2026-02-08T16:24:57","date_gmt":"2026-02-08T15:24:57","guid":{"rendered":"https:\/\/thalassadigitalpartners.com\/accueil\/"},"modified":"2026-02-28T11:16:48","modified_gmt":"2026-02-28T10:16:48","slug":"accueil","status":"publish","type":"page","link":"https:\/\/thalassadigitalpartners.com\/fr\/","title":{"rendered":"Accueil"},"content":{"rendered":"\n<div class=\"wp-block-group hero full-width-image darkbg parallax\"><div class=\"wp-block-group__inner-container is-layout-constrained wp-block-group-is-layout-constrained\">\n<figure class=\"wp-block-image size-large\"><img loading=\"lazy\" decoding=\"async\" width=\"2560\" height=\"1440\" src=\"https:\/\/thalassadigitalpartners.com\/wp-content\/uploads\/2026\/02\/superyacht-underway-starboard-1.jpg\" alt=\"PARTENAIRES DIGITAUX POUR COURTIERS EN YACHTS\" class=\"wp-image-834\" srcset=\"https:\/\/thalassadigitalpartners.com\/wp-content\/uploads\/2026\/02\/superyacht-underway-starboard-1.jpg 2560w, https:\/\/thalassadigitalpartners.com\/wp-content\/uploads\/2026\/02\/superyacht-underway-starboard-1-600x338.jpg 600w, https:\/\/thalassadigitalpartners.com\/wp-content\/uploads\/2026\/02\/superyacht-underway-starboard-1-768x432.jpg 768w, https:\/\/thalassadigitalpartners.com\/wp-content\/uploads\/2026\/02\/superyacht-underway-starboard-1-1536x864.jpg 1536w, https:\/\/thalassadigitalpartners.com\/wp-content\/uploads\/2026\/02\/superyacht-underway-starboard-1-2048x1152.jpg 2048w\" sizes=\"auto, (max-width: 2560px) 100vw, 2560px\" \/><\/figure>\n\n\n\n<div class=\"wp-block-group texts\"><div class=\"wp-block-group__inner-container is-layout-constrained wp-block-group-is-layout-constrained\">\n<h1 class=\"wp-block-heading fadein\">PARTENAIRES DIGITAUX POUR COURTIERS EN YACHTS<\/h1>\n\n\n\n<p class=\"fadein\">Sites web, SEO et applications sur-mesure<\/p>\n<\/div><\/div>\n\n\n\n<p class=\"cta\"><a href=\"https:\/\/thalassadigitalpartners.com\/fr\/contactez-nous\/\" id=\"610\">Demander un rendez-vous sur site<\/a><\/p>\n<\/div><\/div>\n\n\n\n<div class=\"wp-block-group simple lightbg narrow fadein fadein-slide\"><div class=\"wp-block-group__inner-container is-layout-constrained wp-block-group-is-layout-constrained\">\n<h2 class=\"wp-block-heading\">Notre Expertise<\/h2>\n\n\n\n<p>Thalassa collabore avec des courtiers en yachts et des entreprises soigneusement s\u00e9lectionn\u00e9es du secteur yachting pour leur pr\u00e9sence digitale et leurs syst\u00e8mes internes. Notre travail allie design, expertise technique et vision \u00e0 long terme \u2014 r\u00e9alis\u00e9 par une petite \u00e9quipe senior qui reste impliqu\u00e9e dans la dur\u00e9e. Nos clients nous choisissent pour la clart\u00e9, la fiabilit\u00e9 et notre compr\u00e9hension r\u00e9elle du fonctionnement du march\u00e9 du yachting.<\/p>\n<\/div><\/div>\n\n\n\n<div class=\"full-width-image\">\n  <div class=\"g-grid cards services darkbg\">\n    <div class=\"g-block\">\n      <article class=\"card zoom-on-hover\">\n        <a href=\"https:\/\/thalassadigitalpartners.com\/fr\/contactez-nous\/\">\n          <img decoding=\"async\" src=\"https:\/\/thalassadigitalpartners.com\/wp-content\/uploads\/2026\/02\/yacht-website-design-tall.jpg\" alt=\"Conception de sites web pour courtiers en yachts\"\/>\n          <div class=\"texts\">\n            <h3>Sites web<\/h3>\n            <p class=\"motion-up\">Sites web pour courtiers en yachts \u2014 des syst\u00e8mes structur\u00e9s, maintenables et pr\u00eats pour le SEO, con\u00e7us pour les annonces, la pr\u00e9sentation de flotte et la performance \u00e0 long terme<\/p>\n          <\/div>\n          <p class=\"cta\"><span>Contactez-nous<\/span><\/p>\n        <\/a>\n      <\/article>\n    <\/div>\n    <div class=\"g-block\">\n      <article class=\"card zoom-on-hover\">\n        <a href=\"https:\/\/thalassadigitalpartners.com\/fr\/contactez-nous\/\">\n          <img decoding=\"async\" src=\"https:\/\/thalassadigitalpartners.com\/wp-content\/uploads\/2026\/02\/yacht-seo-tall.jpg\" alt=\"SEO yacht et charter\"\/>\n          <div class=\"texts\">\n            <h3>SEO yacht<\/h3>\n            <p class=\"motion-up\">Touchez davantage de clients \u2014 annonces optimis\u00e9es, visibilit\u00e9 des noms de yachts et strat\u00e9gies de recherche internationales pour des r\u00e9sultats durables<\/p>\n          <\/div>\n          <p class=\"cta\"><span>Contactez-nous<\/span><\/p>\n        <\/a>\n      <\/article>\n    <\/div>\n    <div class=\"g-block\">\n      <article class=\"card zoom-on-hover\">\n        <a href=\"https:\/\/thalassadigitalpartners.com\/fr\/contactez-nous\/\">\n          <img decoding=\"async\" src=\"https:\/\/thalassadigitalpartners.com\/wp-content\/uploads\/2026\/02\/yacht-broker-website-support-tall.jpg\" alt=\"Maintenance et support des sites web de yachts\"\/>\n          <div class=\"texts\">\n            <h3>Offres de support<\/h3>\n            <p class=\"motion-up\">Maintenance et support structur\u00e9s pour courtiers en yachts \u2014 r\u00e9ponse rapide, priorit\u00e9 saisonni\u00e8re et continuit\u00e9 toute l\u2019ann\u00e9e<\/p>\n          <\/div>\n          <p class=\"cta\"><span>Contactez-nous<\/span><\/p>\n        <\/a>\n      <\/article>\n    <\/div>\n  <\/div>\n<\/div>\n\n\n\n<div class=\"wp-block-columns img-left full-width-image is-layout-flex wp-container-core-columns-is-layout-9d6595d7 wp-block-columns-is-layout-flex\">\n<div class=\"wp-block-column is-layout-flow wp-block-column-is-layout-flow\" style=\"flex-basis:60%\">\n<div class=\"wp-block-group parallax\"><div class=\"wp-block-group__inner-container is-layout-constrained wp-block-group-is-layout-constrained\">\n<figure class=\"wp-block-image size-large\"><img loading=\"lazy\" decoding=\"async\" width=\"1320\" height=\"1000\" src=\"https:\/\/thalassadigitalpartners.com\/wp-content\/uploads\/2026\/02\/port-fontvieille-monaco.jpg\" alt=\"Port Fontvieille, Monaco\" class=\"wp-image-274\" srcset=\"https:\/\/thalassadigitalpartners.com\/wp-content\/uploads\/2026\/02\/port-fontvieille-monaco.jpg 1320w, https:\/\/thalassadigitalpartners.com\/wp-content\/uploads\/2026\/02\/port-fontvieille-monaco-528x400.jpg 528w, https:\/\/thalassadigitalpartners.com\/wp-content\/uploads\/2026\/02\/port-fontvieille-monaco-768x582.jpg 768w\" sizes=\"auto, (max-width: 1320px) 100vw, 1320px\" \/><\/figure>\n<\/div><\/div>\n<\/div>\n\n\n\n<div class=\"wp-block-column is-layout-flow wp-block-column-is-layout-flow\" style=\"flex-basis:40%\">\n<div class=\"wp-block-group text fadein fadein-slide\"><div class=\"wp-block-group__inner-container is-layout-constrained wp-block-group-is-layout-constrained\">\n<h2 class=\"wp-block-heading\">Nos Partenaires<\/h2>\n\n\n\n<p>Nous travaillons volontairement avec un nombre limit\u00e9 de clients.<br><br>&#8211; Courtiers en yachts et agences centrales.<br>&#8211; Entreprises orient\u00e9es charter<br>&#8211; Maisons de courtage boutique<br>&#8211; Entreprises li\u00e9es au yachting avec des besoins num\u00e9riques complexes<br><br>Si vous privil\u00e9giez les relations \u00e0 long terme plut\u00f4t que les changements constants de prestataires, nous sommes probablement un bon choix.<\/p>\n\n\n\n<p class=\"cta\"><\/p>\n<\/div><\/div>\n<\/div>\n<\/div>\n\n\n\n<h2 class=\"wp-block-heading header-dark pt-3 pb-2\">Notre m\u00e9thode de travail<\/h2>\n\n\n\n<div class=\"full-width-image\">\n  <div class=\"g-grid cards work lightbg\">\n    <div class=\"g-block\">\n      <div class=\"card\">\n          <div class=\"texts\">\n            <h3>Consultation<\/h3>\n            <p class=\"motion-up\">Nous commen\u00e7ons par un \u00e9change direct afin de comprendre votre activit\u00e9, vos priorit\u00e9s et vos contraintes.<\/p>\n          <\/div>\n          <p class=\"number\">01<\/p>\n      <\/div>\n    <\/div>\n    <div class=\"g-block\">\n      <div class=\"card\">\n          <div class=\"texts\">\n            <h3>D\u00e9finition<\/h3>\n            <p class=\"motion-up\">Le p\u00e9rim\u00e8tre, les d\u00e9lais et les responsabilit\u00e9s sont clairement d\u00e9finis avant le d\u00e9but de tout travail.<\/p>\n          <\/div>\n          <p class=\"number\">02<\/p>\n      <\/div>\n    <\/div>\n    <div class=\"g-block\">\n      <div class=\"card\">\n          <div class=\"texts\">\n            <h3>R\u00e9alisation<\/h3>\n            <p class=\"motion-up\">La conception, le d\u00e9veloppement et l\u2019optimisation avancent de concert, avec des points de contr\u00f4le r\u00e9guliers.<\/p>\n          <\/div>\n          <p class=\"number\">03<\/p>\n      <\/div>\n    <\/div>\n    <div class=\"g-block\">\n      <div class=\"card\">\n          <div class=\"texts\">\n            <h3>Suivi<\/h3>\n            <p class=\"motion-up\">Apr\u00e8s le lancement, nous restons impliqu\u00e9s pour le support, les ajustements et la continuit\u00e9.<\/p>\n          <\/div>\n          <p class=\"number\">04<\/p>\n      <\/div>\n    <\/div>\n  <\/div>\n<\/div>\n\n\n\n<div class=\"wp-block-columns img-right full-width-image is-layout-flex wp-container-core-columns-is-layout-9d6595d7 wp-block-columns-is-layout-flex\">\n<div class=\"wp-block-column is-layout-flow wp-block-column-is-layout-flow\" style=\"flex-basis:40%\">\n<div class=\"wp-block-group text fadein fadein-slide\"><div class=\"wp-block-group__inner-container is-layout-constrained wp-block-group-is-layout-constrained\">\n<h2 class=\"wp-block-heading\">POURQUOI LES COURTIERS NOUS CHOISISSENT<\/h2>\n\n\n\n<p>Les courtiers font confiance \u00e0 Thalassa pour des solutions num\u00e9riques expertes qui soutiennent les annonces de yachts et les pics saisonniers, ainsi que pour notre priorit\u00e9 donn\u00e9e \u00e0 la continuit\u00e9 \u00e0 long terme. Tous les travaux sont r\u00e9alis\u00e9s \u00e0 un niveau senior, avec un acc\u00e8s direct \u00e0 l\u2019\u00e9quipe qui construit vos syst\u00e8mes num\u00e9riques.<\/p>\n\n\n\n<p class=\"cta\"><\/p>\n<\/div><\/div>\n<\/div>\n\n\n\n<div class=\"wp-block-column is-layout-flow wp-block-column-is-layout-flow\" style=\"flex-basis:60%\">\n<div class=\"wp-block-group parallax\"><div class=\"wp-block-group__inner-container is-layout-constrained wp-block-group-is-layout-constrained\">\n<figure class=\"wp-block-image size-large\"><img loading=\"lazy\" decoding=\"async\" width=\"1320\" height=\"1000\" src=\"https:\/\/thalassadigitalpartners.com\/wp-content\/uploads\/2026\/02\/port-fontvieille-monaco.jpg\" alt=\"Port Fontvieille, Monaco\" class=\"wp-image-607\" srcset=\"https:\/\/thalassadigitalpartners.com\/wp-content\/uploads\/2026\/02\/port-fontvieille-monaco.jpg 1320w, https:\/\/thalassadigitalpartners.com\/wp-content\/uploads\/2026\/02\/port-fontvieille-monaco-528x400.jpg 528w, https:\/\/thalassadigitalpartners.com\/wp-content\/uploads\/2026\/02\/port-fontvieille-monaco-768x582.jpg 768w\" sizes=\"auto, (max-width: 1320px) 100vw, 1320px\" \/><\/figure>\n<\/div><\/div>\n<\/div>\n<\/div>\n\n\n\n<div class=\"wp-block-columns img-left full-width-image is-layout-flex wp-container-core-columns-is-layout-9d6595d7 wp-block-columns-is-layout-flex\">\n<div class=\"wp-block-column is-layout-flow wp-block-column-is-layout-flow\" style=\"flex-basis:60%\">\n<div class=\"wp-block-group parallax\"><div class=\"wp-block-group__inner-container is-layout-constrained wp-block-group-is-layout-constrained\">\n<figure class=\"wp-block-image size-large\"><img loading=\"lazy\" decoding=\"async\" width=\"1380\" height=\"1000\" src=\"https:\/\/thalassadigitalpartners.com\/wp-content\/uploads\/2026\/02\/yacht-secure-line.jpg\" alt=\"secure line\" class=\"wp-image-269\" srcset=\"https:\/\/thalassadigitalpartners.com\/wp-content\/uploads\/2026\/02\/yacht-secure-line.jpg 1380w, https:\/\/thalassadigitalpartners.com\/wp-content\/uploads\/2026\/02\/yacht-secure-line-552x400.jpg 552w, https:\/\/thalassadigitalpartners.com\/wp-content\/uploads\/2026\/02\/yacht-secure-line-768x557.jpg 768w\" sizes=\"auto, (max-width: 1380px) 100vw, 1380px\" \/><\/figure>\n<\/div><\/div>\n<\/div>\n\n\n\n<div class=\"wp-block-column is-layout-flow wp-block-column-is-layout-flow\" style=\"flex-basis:40%\">\n<div class=\"wp-block-group text fadein fadein-slide\"><div class=\"wp-block-group__inner-container is-layout-constrained wp-block-group-is-layout-constrained\">\n<h2 class=\"wp-block-heading\">Partenariat continu<\/h2>\n\n\n\n<p>Nous restons impliqu\u00e9s au-del\u00e0 du lancement, en assurant un support technique continu, l\u2019optimisation et la continuit\u00e9.<br><br>Nous travaillons \u00e0 distance avec des clients \u00e0 l\u2019international et sommes disponibles sur site sur rendez-vous dans les principaux p\u00f4les du yachting en M\u00e9diterran\u00e9e.<br><br>Disponibilit\u00e9 r\u00e9guli\u00e8re sur site :<br><strong><a href=\"https:\/\/thalassadigitalpartners.com\/fr\/sanremo-ligurie\/\" id=\"663\">Imperia <\/a>\u00b7 <a href=\"https:\/\/thalassadigitalpartners.com\/fr\/monaco-cannes\/\" id=\"645\">Monaco <\/a>\u00b7 <a href=\"https:\/\/thalassadigitalpartners.com\/fr\/monaco-cannes\/\" id=\"645\">Antibes<\/a><\/strong><\/p>\n\n\n\n<p class=\"cta\"><\/p>\n<\/div><\/div>\n<\/div>\n<\/div>\n","protected":false},"excerpt":{"rendered":"<p>Sites web Sites web pour courtiers en yachts \u2014 des syst\u00e8mes structur\u00e9s, maintenables et pr\u00eats pour le SEO, con\u00e7us pour les annonces, la pr\u00e9sentation de flotte et la performance \u00e0 long terme Contactez-nous SEO yacht Touchez davantage de clients \u2014 annonces optimis\u00e9es, visibilit\u00e9 des noms de yachts et strat\u00e9gies de recherche internationales pour des r\u00e9sultats [&hellip;]<\/p>\n","protected":false},"author":1,"featured_media":0,"parent":0,"menu_order":0,"comment_status":"closed","ping_status":"open","template":"","meta":{"footnotes":""},"class_list":["post-604","page","type-page","status-publish","hentry"],"yoast_head":"<!-- This site is optimized with the Yoast SEO plugin v27.3 - https:\/\/yoast.com\/product\/yoast-seo-wordpress\/ -->\n<title>Accueil - Thalassa Digital Partners<\/title>\n<meta name=\"robots\" content=\"index, follow, max-snippet:-1, max-image-preview:large, max-video-preview:-1\" \/>\n<link rel=\"canonical\" href=\"https:\/\/thalassadigitalpartners.com\/fr\/\" \/>\n<meta property=\"og:locale\" content=\"fr_FR\" \/>\n<meta property=\"og:type\" content=\"article\" \/>\n<meta property=\"og:title\" content=\"Accueil - Thalassa Digital Partners\" \/>\n<meta property=\"og:description\" content=\"Sites web Sites web pour courtiers en yachts \u2014 des syst\u00e8mes structur\u00e9s, maintenables et pr\u00eats pour le SEO, con\u00e7us pour les annonces, la pr\u00e9sentation de flotte et la performance \u00e0 long terme Contactez-nous SEO yacht Touchez davantage de clients \u2014 annonces optimis\u00e9es, visibilit\u00e9 des noms de yachts et strat\u00e9gies de recherche internationales pour des r\u00e9sultats [&hellip;]\" \/>\n<meta property=\"og:url\" content=\"https:\/\/thalassadigitalpartners.com\/fr\/\" \/>\n<meta property=\"og:site_name\" content=\"Thalassa Digital Partners\" \/>\n<meta property=\"article:modified_time\" content=\"2026-02-28T10:16:48+00:00\" \/>\n<meta property=\"og:image\" content=\"https:\/\/thalassadigitalpartners.com\/wp-content\/uploads\/2026\/02\/yacht-website-design-tall.jpg\" \/>\n<meta name=\"twitter:card\" content=\"summary_large_image\" \/>\n<meta name=\"twitter:label1\" content=\"Dur\u00e9e de lecture estim\u00e9e\" \/>\n\t<meta name=\"twitter:data1\" content=\"2 minutes\" \/>\n<script type=\"application\/ld+json\" class=\"yoast-schema-graph\">{\"@context\":\"https:\\\/\\\/schema.org\",\"@graph\":[{\"@type\":\"WebPage\",\"@id\":\"https:\\\/\\\/thalassadigitalpartners.com\\\/fr\\\/\",\"url\":\"https:\\\/\\\/thalassadigitalpartners.com\\\/fr\\\/\",\"name\":\"Accueil - Thalassa Digital Partners\",\"isPartOf\":{\"@id\":\"https:\\\/\\\/thalassadigitalpartners.com\\\/fr\\\/#website\"},\"primaryImageOfPage\":{\"@id\":\"https:\\\/\\\/thalassadigitalpartners.com\\\/fr\\\/#primaryimage\"},\"image\":{\"@id\":\"https:\\\/\\\/thalassadigitalpartners.com\\\/fr\\\/#primaryimage\"},\"thumbnailUrl\":\"https:\\\/\\\/thalassadigitalpartners.com\\\/wp-content\\\/uploads\\\/2026\\\/02\\\/yacht-website-design-tall.jpg\",\"datePublished\":\"2026-02-08T15:24:57+00:00\",\"dateModified\":\"2026-02-28T10:16:48+00:00\",\"breadcrumb\":{\"@id\":\"https:\\\/\\\/thalassadigitalpartners.com\\\/fr\\\/#breadcrumb\"},\"inLanguage\":\"fr-FR\",\"potentialAction\":[{\"@type\":\"ReadAction\",\"target\":[\"https:\\\/\\\/thalassadigitalpartners.com\\\/fr\\\/\"]}]},{\"@type\":\"ImageObject\",\"inLanguage\":\"fr-FR\",\"@id\":\"https:\\\/\\\/thalassadigitalpartners.com\\\/fr\\\/#primaryimage\",\"url\":\"https:\\\/\\\/thalassadigitalpartners.com\\\/wp-content\\\/uploads\\\/2026\\\/02\\\/yacht-website-design-tall.jpg\",\"contentUrl\":\"https:\\\/\\\/thalassadigitalpartners.com\\\/wp-content\\\/uploads\\\/2026\\\/02\\\/yacht-website-design-tall.jpg\"},{\"@type\":\"BreadcrumbList\",\"@id\":\"https:\\\/\\\/thalassadigitalpartners.com\\\/fr\\\/#breadcrumb\",\"itemListElement\":[{\"@type\":\"ListItem\",\"position\":1,\"name\":\"Home\",\"item\":\"https:\\\/\\\/thalassadigitalpartners.com\\\/fr\\\/\"},{\"@type\":\"ListItem\",\"position\":2,\"name\":\"Accueil\"}]},{\"@type\":\"WebSite\",\"@id\":\"https:\\\/\\\/thalassadigitalpartners.com\\\/fr\\\/#website\",\"url\":\"https:\\\/\\\/thalassadigitalpartners.com\\\/fr\\\/\",\"name\":\"Thalassa Digital Partners\",\"description\":\"\",\"publisher\":{\"@id\":\"https:\\\/\\\/thalassadigitalpartners.com\\\/fr\\\/#organization\"},\"potentialAction\":[{\"@type\":\"SearchAction\",\"target\":{\"@type\":\"EntryPoint\",\"urlTemplate\":\"https:\\\/\\\/thalassadigitalpartners.com\\\/fr\\\/?s={search_term_string}\"},\"query-input\":{\"@type\":\"PropertyValueSpecification\",\"valueRequired\":true,\"valueName\":\"search_term_string\"}}],\"inLanguage\":\"fr-FR\"},{\"@type\":\"Organization\",\"@id\":\"https:\\\/\\\/thalassadigitalpartners.com\\\/fr\\\/#organization\",\"name\":\"Thalassa Digital Partners\",\"url\":\"https:\\\/\\\/thalassadigitalpartners.com\\\/fr\\\/\",\"logo\":{\"@type\":\"ImageObject\",\"inLanguage\":\"fr-FR\",\"@id\":\"https:\\\/\\\/thalassadigitalpartners.com\\\/fr\\\/#\\\/schema\\\/logo\\\/image\\\/\",\"url\":\"https:\\\/\\\/thalassadigitalpartners.com\\\/wp-content\\\/uploads\\\/2026\\\/02\\\/thalassa-digital-partners-logo-black.png\",\"contentUrl\":\"https:\\\/\\\/thalassadigitalpartners.com\\\/wp-content\\\/uploads\\\/2026\\\/02\\\/thalassa-digital-partners-logo-black.png\",\"width\":1200,\"height\":279,\"caption\":\"Thalassa Digital Partners\"},\"image\":{\"@id\":\"https:\\\/\\\/thalassadigitalpartners.com\\\/fr\\\/#\\\/schema\\\/logo\\\/image\\\/\"},\"sameAs\":[\"https:\\\/\\\/www.linkedin.com\\\/company\\\/thalassa-digital-partners\"]}]}<\/script>\n<!-- \/ Yoast SEO plugin. -->","yoast_head_json":{"title":"Accueil - Thalassa Digital Partners","robots":{"index":"index","follow":"follow","max-snippet":"max-snippet:-1","max-image-preview":"max-image-preview:large","max-video-preview":"max-video-preview:-1"},"canonical":"https:\/\/thalassadigitalpartners.com\/fr\/","og_locale":"fr_FR","og_type":"article","og_title":"Accueil - Thalassa Digital Partners","og_description":"Sites web Sites web pour courtiers en yachts \u2014 des syst\u00e8mes structur\u00e9s, maintenables et pr\u00eats pour le SEO, con\u00e7us pour les annonces, la pr\u00e9sentation de flotte et la performance \u00e0 long terme Contactez-nous SEO yacht Touchez davantage de clients \u2014 annonces optimis\u00e9es, visibilit\u00e9 des noms de yachts et strat\u00e9gies de recherche internationales pour des r\u00e9sultats [&hellip;]","og_url":"https:\/\/thalassadigitalpartners.com\/fr\/","og_site_name":"Thalassa Digital Partners","article_modified_time":"2026-02-28T10:16:48+00:00","og_image":[{"url":"https:\/\/thalassadigitalpartners.com\/wp-content\/uploads\/2026\/02\/yacht-website-design-tall.jpg","type":"","width":"","height":""}],"twitter_card":"summary_large_image","twitter_misc":{"Dur\u00e9e de lecture estim\u00e9e":"2 minutes"},"schema":{"@context":"https:\/\/schema.org","@graph":[{"@type":"WebPage","@id":"https:\/\/thalassadigitalpartners.com\/fr\/","url":"https:\/\/thalassadigitalpartners.com\/fr\/","name":"Accueil - Thalassa Digital Partners","isPartOf":{"@id":"https:\/\/thalassadigitalpartners.com\/fr\/#website"},"primaryImageOfPage":{"@id":"https:\/\/thalassadigitalpartners.com\/fr\/#primaryimage"},"image":{"@id":"https:\/\/thalassadigitalpartners.com\/fr\/#primaryimage"},"thumbnailUrl":"https:\/\/thalassadigitalpartners.com\/wp-content\/uploads\/2026\/02\/yacht-website-design-tall.jpg","datePublished":"2026-02-08T15:24:57+00:00","dateModified":"2026-02-28T10:16:48+00:00","breadcrumb":{"@id":"https:\/\/thalassadigitalpartners.com\/fr\/#breadcrumb"},"inLanguage":"fr-FR","potentialAction":[{"@type":"ReadAction","target":["https:\/\/thalassadigitalpartners.com\/fr\/"]}]},{"@type":"ImageObject","inLanguage":"fr-FR","@id":"https:\/\/thalassadigitalpartners.com\/fr\/#primaryimage","url":"https:\/\/thalassadigitalpartners.com\/wp-content\/uploads\/2026\/02\/yacht-website-design-tall.jpg","contentUrl":"https:\/\/thalassadigitalpartners.com\/wp-content\/uploads\/2026\/02\/yacht-website-design-tall.jpg"},{"@type":"BreadcrumbList","@id":"https:\/\/thalassadigitalpartners.com\/fr\/#breadcrumb","itemListElement":[{"@type":"ListItem","position":1,"name":"Home","item":"https:\/\/thalassadigitalpartners.com\/fr\/"},{"@type":"ListItem","position":2,"name":"Accueil"}]},{"@type":"WebSite","@id":"https:\/\/thalassadigitalpartners.com\/fr\/#website","url":"https:\/\/thalassadigitalpartners.com\/fr\/","name":"Thalassa Digital Partners","description":"","publisher":{"@id":"https:\/\/thalassadigitalpartners.com\/fr\/#organization"},"potentialAction":[{"@type":"SearchAction","target":{"@type":"EntryPoint","urlTemplate":"https:\/\/thalassadigitalpartners.com\/fr\/?s={search_term_string}"},"query-input":{"@type":"PropertyValueSpecification","valueRequired":true,"valueName":"search_term_string"}}],"inLanguage":"fr-FR"},{"@type":"Organization","@id":"https:\/\/thalassadigitalpartners.com\/fr\/#organization","name":"Thalassa Digital Partners","url":"https:\/\/thalassadigitalpartners.com\/fr\/","logo":{"@type":"ImageObject","inLanguage":"fr-FR","@id":"https:\/\/thalassadigitalpartners.com\/fr\/#\/schema\/logo\/image\/","url":"https:\/\/thalassadigitalpartners.com\/wp-content\/uploads\/2026\/02\/thalassa-digital-partners-logo-black.png","contentUrl":"https:\/\/thalassadigitalpartners.com\/wp-content\/uploads\/2026\/02\/thalassa-digital-partners-logo-black.png","width":1200,"height":279,"caption":"Thalassa Digital Partners"},"image":{"@id":"https:\/\/thalassadigitalpartners.com\/fr\/#\/schema\/logo\/image\/"},"sameAs":["https:\/\/www.linkedin.com\/company\/thalassa-digital-partners"]}]}},"_links":{"self":[{"href":"https:\/\/thalassadigitalpartners.com\/fr\/wp-json\/wp\/v2\/pages\/604","targetHints":{"allow":["GET"]}}],"collection":[{"href":"https:\/\/thalassadigitalpartners.com\/fr\/wp-json\/wp\/v2\/pages"}],"about":[{"href":"https:\/\/thalassadigitalpartners.com\/fr\/wp-json\/wp\/v2\/types\/page"}],"author":[{"embeddable":true,"href":"https:\/\/thalassadigitalpartners.com\/fr\/wp-json\/wp\/v2\/users\/1"}],"replies":[{"embeddable":true,"href":"https:\/\/thalassadigitalpartners.com\/fr\/wp-json\/wp\/v2\/comments?post=604"}],"version-history":[{"count":0,"href":"https:\/\/thalassadigitalpartners.com\/fr\/wp-json\/wp\/v2\/pages\/604\/revisions"}],"wp:attachment":[{"href":"https:\/\/thalassadigitalpartners.com\/fr\/wp-json\/wp\/v2\/media?parent=604"}],"curies":[{"name":"wp","href":"https:\/\/api.w.org\/{rel}","templated":true}]}}